{"id":2,"date":"2021-02-21T17:49:03","date_gmt":"2021-02-21T17:49:03","guid":{"rendered":"https:\/\/praxisvanessabiebel.de\/?page_id=2"},"modified":"2021-04-27T14:45:44","modified_gmt":"2021-04-27T14:45:44","slug":"sample-page","status":"publish","type":"page","link":"https:\/\/praxisvanessabiebel.de\/?page_id=2","title":{"rendered":"Impressum"},"content":{"rendered":"\n<h2><\/h2>\n\n\n\n<p>Praxis Vanessa Biebel<\/p>\n\n\n\n<p>Hauptstra\u00dfe 35<\/p>\n\n\n\n<p>67714 Waldfischbach-Burgalben<\/p>\n\n\n\n<p><\/p>\n\n\n\n<p>Tel: 06333 274 8044<\/p>\n\n\n\n<p>E-Mail:<a type=\"mailto\" id=\"mailto:vmigge@web.de\" href=\"mailto:vmigge@web.de\" class=\"rank-math-link\"> <\/a><a href=\"mailto:vanessa.biebel@praxisvanessabiebel.de\" class=\"rank-math-link\">vanessa.biebel@praxisvanessabiebel.de<\/a><\/p>\n\n\n\n<p>AUFSICHTSBEH\u00d6RDE:<\/p>\n\n\n\n<p>\u00c4rztekammer Rheinland-Pfalz<\/p>\n\n\n\n<p>Berufsbezeichnung: Fach\u00e4rztin f\u00fcr Psychiatrie und Psychotherapie<\/p>\n\n\n\n<p>Zust\u00e4ndige Kammer: \u00c4rztekammer<\/p>\n\n\n\n<p>Verliehen durch: Rheinland-Pfalz<\/p>\n\n\n\n<p>Es gelten folgende berufsrechtliche Regelungen: Berufsordnung f\u00fcr die \u00c4rztinnen und \u00c4rzte in Rheinland-Pfalz<\/p>\n\n\n\n<p>Regelungen einsehbar unter: www.laek-rlp.de<\/p>\n\n\n\n<h2>Disclaimer \u2013 rechtliche Hinweise<\/h2>\n\n\n\n<p>\u00a7 1 Warnhinweis zu Inhalten<br>Die kostenlosen und frei zug\u00e4nglichen Inhalte dieser Webseite wurden mit gr\u00f6\u00dftm\u00f6glicher Sorgfalt erstellt. Der Anbieter dieser Webseite \u00fcbernimmt jedoch keine Gew\u00e4hr f\u00fcr die Richtigkeit und Aktualit\u00e4t der bereitgestellten kostenlosen und frei zug\u00e4nglichen journalistischen Ratgeber und Nachrichten. Namentlich gekennzeichnete Beitr\u00e4ge geben die Meinung des jeweiligen Autors und nicht immer die Meinung des Anbieters wieder. Allein durch den Aufruf der kostenlosen und frei zug\u00e4nglichen Inhalte kommt keinerlei Vertragsverh\u00e4ltnis zwischen dem Nutzer und demAnbieter zustande, insoweit fehlt es am Rechtsbindungswillen des Anbieters.<\/p>\n\n\n\n<p>\u00a7 2 Externe Links<br>Diese Website enth\u00e4lt Verkn\u00fcpfungen zu Websites Dritter (\u201cexterne Links\u201d). Diese Websites unterliegen der Haftung der jeweiligen Betreiber. Der Anbieter hat bei dererstmaligen Verkn\u00fcpfung der externen Links die fremden Inhalte daraufhin \u00fcberpr\u00fcft,ob etwaige Rechtsverst\u00f6\u00dfe bestehen. Zu dem Zeitpunkt waren keine Rechtsverst\u00f6\u00dfe ersichtlich. Der Anbieter hat keinerlei Einfluss auf die aktuelle und zuk\u00fcnftige Gestaltung und auf die Inhalte der verkn\u00fcpften Seiten. Das Setzen von externen Links bedeutet nicht, dass sich der Anbieter die hinter dem Verweis oder Link liegenden Inhalte zu Eigen macht. Eine st\u00e4ndige Kontrolle der externen Links ist f\u00fcr den Anbieter ohne konkrete Hinweise auf Rechtsverst\u00f6\u00dfe nicht zumutbar. Bei Kenntnis von Rechtsverst\u00f6\u00dfen werden jedoch derartige externe Links unverz\u00fcglich gel\u00f6scht.<\/p>\n\n\n\n<p>\u00a7 3 Urheber- und Leistungsschutzrechte<br>Die auf dieser Website ver\u00f6ffentlichten Inhalte unterliegen dem deutschen Urheber- und Leistungsschutzrecht. Jede vom deutschen Urheber- und Leistungsschutzrecht nicht zugelassene Verwertung bedarf der vorherigen schriftlichen Zustimmung des Anbieters oder jeweiligen Rechteinhabers. Dies gilt insbesondere f\u00fcr Vervielf\u00e4ltigung, Bearbeitung, \u00dcbersetzung, Einspeicherung, Verarbeitung bzw. Wiedergabe von Inhalten in Datenbanken oder anderen elektronischen Medien und Systemen. Inhalte und Rechte Dritter sind dabei als solche gekennzeichnet. Die unerlaubte Vervielf\u00e4ltigung oder Weitergabe einzelner Inhalte oder kompletter Seiten ist nicht gestattet und strafbar. Lediglich die Herstellung von Kopien und Downloads f\u00fcr den pers\u00f6nlichen, privaten und nicht kommerziellen Gebrauch ist erlaubt.<\/p>\n\n\n\n<p>Die Darstellung dieser Website in fremden Frames ist nur mit schriftlicher Erlaubnis zul\u00e4ssig.<\/p>\n\n\n\n<p>\u00a7 4 Besondere Nutzungsbedingungen<br>Soweit besondere Bedingungen f\u00fcr einzelne Nutzungen dieser Website von den vorgenannten Paragraphen abweichen, wird an entsprechender Stelle ausdr\u00fccklich darauf hingewiesen. In diesem Falle gelten im jeweiligen Einzelfall die besonderen Nutzungsbedingungen.<\/p>\n","protected":false},"excerpt":{"rendered":"<p>Praxis Vanessa Biebel Hauptstra\u00dfe 35 67714 Waldfischbach-Burgalben Tel: 06333 274 8044 E-Mail: vanessa.biebel@praxisvanessabiebel.de AUFSICHTSBEH\u00d6RDE: \u00c4rztekammer Rheinland-Pfalz Berufsbezeichnung: Fach\u00e4rztin f\u00fcr Psychiatrie und Psychotherapie Zust\u00e4ndige Kammer: \u00c4rztekammer Verliehen durch: Rheinland-Pfalz Es gelten folgende berufsrechtliche Regelungen: Berufsordnung f\u00fcr die \u00c4rztinnen und \u00c4rzte in Rheinland-Pfalz Regelungen einsehbar unter: www.laek-rlp.de Disclaimer \u2013 rechtliche Hinweise \u00a7 1 Warnhinweis zu InhaltenDie kostenlosen [&hellip;]<\/p>\n","protected":false},"author":1,"featured_media":0,"parent":0,"menu_order":0,"comment_status":"closed","ping_status":"closed","template":"","meta":[],"_links":{"self":[{"href":"https:\/\/praxisvanessabiebel.de\/index.php?rest_route=\/wp\/v2\/pages\/2"}],"collection":[{"href":"https:\/\/praxisvanessabiebel.de\/index.php?rest_route=\/wp\/v2\/pages"}],"about":[{"href":"https:\/\/praxisvanessabiebel.de\/index.php?rest_route=\/wp\/v2\/types\/page"}],"author":[{"embeddable":true,"href":"https:\/\/praxisvanessabiebel.de\/index.php?rest_route=\/wp\/v2\/users\/1"}],"replies":[{"embeddable":true,"href":"https:\/\/praxisvanessabiebel.de\/index.php?rest_route=%2Fwp%2Fv2%2Fcomments&post=2"}],"version-history":[{"count":9,"href":"https:\/\/praxisvanessabiebel.de\/index.php?rest_route=\/wp\/v2\/pages\/2\/revisions"}],"predecessor-version":[{"id":102,"href":"https:\/\/praxisvanessabiebel.de\/index.php?rest_route=\/wp\/v2\/pages\/2\/revisions\/102"}],"wp:attachment":[{"href":"https:\/\/praxisvanessabiebel.de\/index.php?rest_route=%2Fwp%2Fv2%2Fmedia&parent=2"}],"curies":[{"name":"wp","href":"https:\/\/api.w.org\/{rel}","templated":true}]}}