{"id":57,"date":"2021-03-17T21:50:01","date_gmt":"2021-03-17T21:50:01","guid":{"rendered":"https:\/\/praxisvanessabiebel.de\/?page_id=57"},"modified":"2021-03-18T07:55:54","modified_gmt":"2021-03-18T07:55:54","slug":"zu-meiner-person","status":"publish","type":"page","link":"https:\/\/praxisvanessabiebel.de\/?page_id=57","title":{"rendered":"Zu meiner Person"},"content":{"rendered":"\n<figure class=\"wp-block-image size-full is-resized\"><img loading=\"lazy\" src=\"https:\/\/praxisvanessabiebel.de\/wp-content\/uploads\/2021\/03\/image1.jpeg\" alt=\"\" class=\"wp-image-44\" width=\"1600\" height=\"1066\" srcset=\"https:\/\/praxisvanessabiebel.de\/wp-content\/uploads\/2021\/03\/image1.jpeg 1600w, https:\/\/praxisvanessabiebel.de\/wp-content\/uploads\/2021\/03\/image1-300x200.jpeg 300w, https:\/\/praxisvanessabiebel.de\/wp-content\/uploads\/2021\/03\/image1-1024x682.jpeg 1024w, https:\/\/praxisvanessabiebel.de\/wp-content\/uploads\/2021\/03\/image1-768x512.jpeg 768w, https:\/\/praxisvanessabiebel.de\/wp-content\/uploads\/2021\/03\/image1-1536x1023.jpeg 1536w\" sizes=\"(max-width: 1600px) 100vw, 1600px\" \/><\/figure>\n\n\n\n<p>Mein Name ist Vanessa Biebel und ich bin Fach\u00e4rztin f\u00fcr Psychiatrie und Psychotherapie. Nach meinem Studium der Humanmedizin an der Universit\u00e4t des Saarlandes und meiner anschliessenden Weiterbildung zur Fach\u00e4rztin f\u00fcr Psychiatrie und Psychotherapie, konnte ich bereits viele Jahre klinische Erfahrung in der Psychiatrie, insbesondere in der ambulanten und aufsuchenden T\u00e4tigkeit als Ober\u00e4rztin sammeln.&nbsp; Hauptberuflich bin ich derzeit als Ober\u00e4rztin in einer Tagesklinik t\u00e4tig.<\/p>\n\n\n\n<p>Mit der Praxiser\u00f6ffnung seit dem 15.02.2021 erf\u00fclle ich mir einen langersehnten Wunsch, Patienten individuell psychotherapeutisch in einer eigenen Praxis unterst\u00fctzen zu k\u00f6nnen.<\/p>\n","protected":false},"excerpt":{"rendered":"<p>Mein Name ist Vanessa Biebel und ich bin Fach\u00e4rztin f\u00fcr Psychiatrie und Psychotherapie. Nach meinem Studium der Humanmedizin an der Universit\u00e4t des Saarlandes und meiner anschliessenden Weiterbildung zur Fach\u00e4rztin f\u00fcr Psychiatrie und Psychotherapie, konnte ich bereits viele Jahre klinische Erfahrung in der Psychiatrie, insbesondere in der ambulanten und aufsuchenden T\u00e4tigkeit als Ober\u00e4rztin sammeln.&nbsp; Hauptberuflich bin [&hellip;]<\/p>\n","protected":false},"author":1,"featured_media":0,"parent":0,"menu_order":0,"comment_status":"closed","ping_status":"closed","template":"","meta":[],"_links":{"self":[{"href":"https:\/\/praxisvanessabiebel.de\/index.php?rest_route=\/wp\/v2\/pages\/57"}],"collection":[{"href":"https:\/\/praxisvanessabiebel.de\/index.php?rest_route=\/wp\/v2\/pages"}],"about":[{"href":"https:\/\/praxisvanessabiebel.de\/index.php?rest_route=\/wp\/v2\/types\/page"}],"author":[{"embeddable":true,"href":"https:\/\/praxisvanessabiebel.de\/index.php?rest_route=\/wp\/v2\/users\/1"}],"replies":[{"embeddable":true,"href":"https:\/\/praxisvanessabiebel.de\/index.php?rest_route=%2Fwp%2Fv2%2Fcomments&post=57"}],"version-history":[{"count":3,"href":"https:\/\/praxisvanessabiebel.de\/index.php?rest_route=\/wp\/v2\/pages\/57\/revisions"}],"predecessor-version":[{"id":96,"href":"https:\/\/praxisvanessabiebel.de\/index.php?rest_route=\/wp\/v2\/pages\/57\/revisions\/96"}],"wp:attachment":[{"href":"https:\/\/praxisvanessabiebel.de\/index.php?rest_route=%2Fwp%2Fv2%2Fmedia&parent=57"}],"curies":[{"name":"wp","href":"https:\/\/api.w.org\/{rel}","templated":true}]}}