{"id":59,"date":"2021-03-17T21:51:34","date_gmt":"2021-03-17T21:51:34","guid":{"rendered":"https:\/\/praxisvanessabiebel.de\/?page_id=59"},"modified":"2021-03-18T08:00:21","modified_gmt":"2021-03-18T08:00:21","slug":"kontakt","status":"publish","type":"page","link":"https:\/\/praxisvanessabiebel.de\/?page_id=59","title":{"rendered":"Kontakt &#038; Anfahrt"},"content":{"rendered":"\n<figure class=\"wp-block-image size-full is-resized\"><img loading=\"lazy\" src=\"https:\/\/praxisvanessabiebel.de\/wp-content\/uploads\/2021\/03\/cropped-image3.jpeg\" alt=\"\" class=\"wp-image-65\" width=\"1600\" height=\"1066\" srcset=\"https:\/\/praxisvanessabiebel.de\/wp-content\/uploads\/2021\/03\/cropped-image3.jpeg 1600w, https:\/\/praxisvanessabiebel.de\/wp-content\/uploads\/2021\/03\/cropped-image3-300x200.jpeg 300w, https:\/\/praxisvanessabiebel.de\/wp-content\/uploads\/2021\/03\/cropped-image3-1024x682.jpeg 1024w, https:\/\/praxisvanessabiebel.de\/wp-content\/uploads\/2021\/03\/cropped-image3-768x512.jpeg 768w, https:\/\/praxisvanessabiebel.de\/wp-content\/uploads\/2021\/03\/cropped-image3-1536x1023.jpeg 1536w\" sizes=\"(max-width: 1600px) 100vw, 1600px\" \/><\/figure>\n\n\n\n<p>Sie finden meine Praxis im Herzen von Waldfischbach- Burgalben. Eine sehr gute Anbindung an das \u00f6ffentliche Verkehrsnetz ist vorhanden.<\/p>\n\n\n\n<p>Mit der elektronischen Fahrplanauskunft des Verkehrsverbunds Rhein-Neckar (VRN) k\u00f6nnen Sie schnell Ihre optimale Route planen.<\/p>\n\n\n\n<p><strong>Mit der Bahn<\/strong><\/p>\n\n\n\n<p>Der Bahnhof von Waldfischbach- Burgalben ist nur 8 Minuten fu\u00dfl\u00e4ufig von der Praxis entfernt. Eine Fahrplanauskunft erhalten Sie bei der Deutschen Bahn (DB) vor Ort oder online.<\/p>\n\n\n\n<p><strong>Mit dem Auto<\/strong><\/p>\n\n\n\n<p>Kostenlose \u00f6ffentliche Parkpl\u00e4tze stehen direkt neben der Praxis zur Verf\u00fcgung.<\/p>\n\n\n\n<p><strong>Telefon<\/strong><\/p>\n\n\n\n<p>Bitte haben Sie Verst\u00e4ndnis, dass ich Ihren Anruf oft nicht pers\u00f6nlich entgegennehmen kann, da ich nur zu den Therapiezeiten in der Praxis bin. Bitte hinterlassen Sie eine Nachricht und ich werde Sie schnellstm\u00f6glich zur\u00fcckrufen, um einen gemeinsamen Termin zu vereinbaren.<\/p>\n\n\n\n<p><strong>Adresse<\/strong><\/p>\n\n\n\n<p>Praxis Vanessa Biebel<br>Hauptstra\u00dfe 35<br>67714 Waldfischbach Burgalben<br>T: 06333 2748044<br>E: <a href=\"mailto:vanessa.biebel@praxisvanessabiebel.de\" class=\"rank-math-link\">vanessa.biebel@praxisvanessabiebel.de<\/a><\/p>\n","protected":false},"excerpt":{"rendered":"<p>Sie finden meine Praxis im Herzen von Waldfischbach- Burgalben. Eine sehr gute Anbindung an das \u00f6ffentliche Verkehrsnetz ist vorhanden. Mit der elektronischen Fahrplanauskunft des Verkehrsverbunds Rhein-Neckar (VRN) k\u00f6nnen Sie schnell Ihre optimale Route planen. Mit der Bahn Der Bahnhof von Waldfischbach- Burgalben ist nur 8 Minuten fu\u00dfl\u00e4ufig von der Praxis entfernt. Eine Fahrplanauskunft erhalten Sie [&hellip;]<\/p>\n","protected":false},"author":1,"featured_media":46,"parent":0,"menu_order":0,"comment_status":"closed","ping_status":"closed","template":"","meta":[],"_links":{"self":[{"href":"https:\/\/praxisvanessabiebel.de\/index.php?rest_route=\/wp\/v2\/pages\/59"}],"collection":[{"href":"https:\/\/praxisvanessabiebel.de\/index.php?rest_route=\/wp\/v2\/pages"}],"about":[{"href":"https:\/\/praxisvanessabiebel.de\/index.php?rest_route=\/wp\/v2\/types\/page"}],"author":[{"embeddable":true,"href":"https:\/\/praxisvanessabiebel.de\/index.php?rest_route=\/wp\/v2\/users\/1"}],"replies":[{"embeddable":true,"href":"https:\/\/praxisvanessabiebel.de\/index.php?rest_route=%2Fwp%2Fv2%2Fcomments&post=59"}],"version-history":[{"count":8,"href":"https:\/\/praxisvanessabiebel.de\/index.php?rest_route=\/wp\/v2\/pages\/59\/revisions"}],"predecessor-version":[{"id":100,"href":"https:\/\/praxisvanessabiebel.de\/index.php?rest_route=\/wp\/v2\/pages\/59\/revisions\/100"}],"wp:featuredmedia":[{"embeddable":true,"href":"https:\/\/praxisvanessabiebel.de\/index.php?rest_route=\/wp\/v2\/media\/46"}],"wp:attachment":[{"href":"https:\/\/praxisvanessabiebel.de\/index.php?rest_route=%2Fwp%2Fv2%2Fmedia&parent=59"}],"curies":[{"name":"wp","href":"https:\/\/api.w.org\/{rel}","templated":true}]}}